{"id":1847,"date":"2018-08-30T08:33:08","date_gmt":"2018-08-30T06:33:08","guid":{"rendered":"http:\/\/osfm-sport.splet.arnes.si\/?page_id=1847"},"modified":"2019-06-05T15:16:42","modified_gmt":"2019-06-05T13:16:42","slug":"uspehi-sol-leto-2018-2019","status":"publish","type":"page","link":"https:\/\/osfm-sport.splet.arnes.si\/?page_id=1847","title":{"rendered":"Uspehi \u0161ol. leto 2018 \u2013 2019"},"content":{"rendered":"<p><span style=\"color: #0000ff\"><strong>Finale\u00a0dr\u017eavnega prvenstva v atletiki za Veliki (VAP) in mali (MAP) atletski pokal &#8211; \u017dalec, 5. 6. 2019<\/strong><\/span><\/p>\n<ul>\n<li>6. mesto:\n<ul>\n<li>Ogrizek Ur\u0161ka &#8211; 60m MAP<\/li>\n<\/ul>\n<\/li>\n<li>8. mesto:\n<ul>\n<li>Modic Urban &#8211; vi\u0161ina VAP<\/li>\n<\/ul>\n<\/li>\n<li>13. mesto:\n<ul>\n<li>Ogrizek Ana\u00a0&#8211; 600m MAP<\/li>\n<\/ul>\n<\/li>\n<li>17. mesto\n<ul>\n<li>Cmok Jakob &#8211; 600m MAP<\/li>\n<\/ul>\n<\/li>\n<\/ul>\n<p>&nbsp;<\/p>\n<p><span style=\"color: #0000ff;text-decoration: underline\"><strong>Ob\u010dinsko prvenstvo v ATLETSKEM TROBOJU za 5. razred in mlaj\u0161e &#8211; \u0160entjur, 31. 5. 2019<\/strong><br \/>\n<\/span><\/p>\n<ul>\n<li>1. mesto:\n<ul>\n<li>Dobovi\u0161ek Nej, de\u010dki posamezno<\/li>\n<li>O\u0160 FM \u0160entjur 1 de\u010dki (Dobovi\u0161ek Nej, Vid Vehovar, Jure Dren, Miha Trobec), EKIPNO de\u010dki<\/li>\n<li>O\u0160 FM \u0160entjur 1 deklice (Ema Mastnak, Eva Bari\u010d, Ne\u017ea Gaj\u0161ek, Ne\u017ea Cvetko), EKIPNO deklice<\/li>\n<\/ul>\n<\/li>\n<li>2. mesto:\n<ul>\n<li>Mastnak Ema, deklice\u00a0posamezno<\/li>\n<\/ul>\n<\/li>\n<li>3. mesto\n<ul>\n<li>Eva Bari\u010d, deklice\u00a0posamezno<\/li>\n<\/ul>\n<\/li>\n<\/ul>\n<p>&nbsp;<\/p>\n<p><span style=\"color: #0000ff\"><strong>Finale podro\u010dnega prvenstva v\u00a0ATLETIKI za Veliki (VAP) in mali (MAP) atletski pokal &#8211; Celje, 20. 5. 2019<\/strong><\/span><\/p>\n<ul>\n<li>1. mesto:\n<ul>\n<li>Modic Urban &#8211; vi\u0161ina VAP<\/li>\n<li>Ur\u0161ka Ogrizek &#8211; 60m MAP<\/li>\n<\/ul>\n<\/li>\n<li>2. mesto:\n<ul>\n<li>Ana Ogrizek &#8211; 600m MAP<\/li>\n<li>Matija Lakner &#8211; 600m MAP<\/li>\n<\/ul>\n<\/li>\n<li>3. mesto:\n<ul>\n<li>Gashi Altina &#8211; 1000m VAP<\/li>\n<\/ul>\n<\/li>\n<li>4. mesto:\n<ul>\n<li>Sara Trebovc &#8211; daljina MAP<\/li>\n<li>Martin Artnak &#8211; 300m MAP<\/li>\n<li>Jakob Cmok &#8211; 600m MAP<\/li>\n<\/ul>\n<\/li>\n<li>5. mesto:\n<ul>\n<li>O\u0160 Franja Malgaja \u0160entjur 1 &#8211; 4x100m VAP M\u00a0(Voga Andra\u017e, Modic Urban, Ko\u017eelj Aleksander, Bender Enej)<\/li>\n<li>O\u0160 Franja Malgaja \u0160entjur 1 &#8211; 4x100m VAP \u017d\u00a0(Ogrizek Ur\u0161ka, Trebovc Sara, Pe\u010dnik Ema, Dren \u017diva)<\/li>\n<\/ul>\n<\/li>\n<li>6. mesto:\n<ul>\n<li>Ga\u0161per Pajk &#8211; krogla VAP<\/li>\n<\/ul>\n<\/li>\n<\/ul>\n<p>&nbsp;<\/p>\n<p><span style=\"color: #0000ff\"><strong><u>Ob\u010dinsko prvenstvo v ATLETIKI za MALI in VELIKI ATLETSKI POKAL &#8211; \u0160entjur, 16. 5. 2019<\/u><\/strong><\/span><\/p>\n<ul>\n<li>1. mesto:\n<ul>\n<li>Gashi Altina &#8211; 1000m VAP<\/li>\n<li>O\u0160 Franja Malgaja 1; 4 x 100m &#8211; VAP \u017d (Ogrizek Ur\u0161ka, Pe\u010dnik Ema, Trebovc Sara, Dren \u017diva)<\/li>\n<li>Pavli\u010d Jan &#8211; 300m VAP<\/li>\n<li>Modic Urban &#8211; vi\u0161ina VAP<\/li>\n<li>Pajk Ga\u0161per &#8211; krogla VAP<\/li>\n<li>O\u0160 Franja Malgaja 1; 4 x 100m &#8211; VAP M (Voga Andra\u017e, Modic Urban, Ko\u017eelj Aleksander, Bender Enej)<\/li>\n<li>Ogrizek Ur\u0161ka &#8211; 60m MAP<\/li>\n<li>Pe\u010dnikEma &#8211; 300m MAP<\/li>\n<li>Ogrizek Ana &#8211; 600m MAP<\/li>\n<li>Trebovc Sara &#8211; daljina MAP<\/li>\n<li>Seli\u010d Anja &#8211; vortex MAP<\/li>\n<li>Artnak Martin &#8211; 300m MAP<\/li>\n<li>Lakner Matija &#8211; 600m MAP<\/li>\n<li>\u00a0Senger Maj &#8211; daljina MAP<\/li>\n<\/ul>\n<\/li>\n<li>2. mesto:\n<ul>\n<li>Kos Ula, vi\u0161ina VAP<\/li>\n<li>Lovrek Nika, vorteks VAP<\/li>\n<li>Bender Enej &#8211; 60m VAP<\/li>\n<li>Voga Andra\u017e &#8211; 300m VAP<\/li>\n<li>O\u0160 Franja Malgaja 1; 4 x 100m &#8211; VAP M (Vre\u010dko Ja\u0161a, Gajani\u010d Aleks, Pavli\u010d Jan, Vodeb An\u017ee)<\/li>\n<li>Trobec Tinkara &#8211; 300m MAP<\/li>\n<li>Mo\u010dnik \u0160pela &#8211; 600m MAP<\/li>\n<li>Dobovi\u0161ek Nej &#8211; 60m MAP<\/li>\n<li>Cmok Jakob &#8211; 600m MAP<\/li>\n<\/ul>\n<\/li>\n<\/ul>\n<ul>\n<li>3. mesto\n<ul>\n<li>Rov\u0161nik Tja\u0161a &#8211; 300m VAP<\/li>\n<li>\u017derjav Tara &#8211; 1000m VAP<\/li>\n<li>\u00a0Janu\u0161i\u010d Lana &#8211; daljina VAP<\/li>\n<li>Kov\u010de Ema &#8211; vi\u0161ina VAP<\/li>\n<li>\u0160e\u0161erko Nika &#8211; krogla VAP<\/li>\n<li>O\u0160 Franja Malgaja 2; 4 x 100m &#8211; VAP \u017d (Rov\u0161nik Tja\u0161a, Trobec Tinkara, Verdenik Teja, Kov\u010de Ema)<\/li>\n<li>\u017dnidar Ana &#8211; vi\u0161ina MAP<\/li>\n<li>Spolenak Tja\u0161a &#8211; vortex MAP<\/li>\n<li>Cmok Filip &#8211; 300m MAP<\/li>\n<li>Stra\u0161ek Tim &#8211; daljina MAP<\/li>\n<li>Margu\u010d Tai &#8211; vi\u0161ina MAP<\/li>\n<\/ul>\n<\/li>\n<\/ul>\n<p><strong><u><span style=\"color: #0000ff\">Ob\u010dinsko prvenstvo v nogometu mlaj\u0161i deklice &#8211; Ponikva, 24. 4. 2019<\/span><\/u><\/strong><\/p>\n<p>1. mesto<\/p>\n<p><strong><u><span style=\"color: #0000ff\">Ob\u010dinsko prvenstvo v nogometu mlaj\u0161i de\u010dki &#8211; Dramlje, 19. 4. 2019<\/span><\/u><\/strong><\/p>\n<p>1. mesto<\/p>\n<p>&nbsp;<\/p>\n<p><strong><span style=\"color: #0000ff;text-decoration: underline\">Dr\u017eavno\u00a0prvenstvo v \u0161portnem plezanju &#8211; Vojnik, 13. 4. 2019<\/span><\/strong><\/p>\n<ul>\n<li>5. mesto:\n<ul>\n<li>Lan Mastnak, 9. raz, licencirani<\/li>\n<\/ul>\n<\/li>\n<\/ul>\n<p>&nbsp;<\/p>\n<p><strong><span style=\"color: #0000ff;text-decoration: underline\">Dr\u017eavno\u00a0prvenstvo v krosu\u00a0 &#8211; Velenje, 18. 4. 2019<\/span><\/strong><\/p>\n<ul>\n<li>2. mesto:\n<ul>\n<li>Martin Artnak, 6. raz<\/li>\n<li>EKIPA 6. razred (Martin Artnak, Ana Ogrizek, Gal Kumer, \u0160pela Mo\u010dnik)<\/li>\n<\/ul>\n<\/li>\n<li>3. mesto:\n<ul>\n<li>Andra\u017e Voga, 8. raz<\/li>\n<li>EKIPA O\u0160 Franja Malgaja \u0160entjur\u00a0\u00a0(Martin Artnak\/2. mesto, Andra\u017e Voga\/3., Altina Gashi\/9., Ana Ogrizek\/9., Matija Lakner\/12., Antonio \u0160aki\u010d\/15., Ja\u0161a Vre\u010dko\/16.,\u00a0Nej Dobovi\u0161ek\/21.)<\/li>\n<\/ul>\n<\/li>\n<li>8. mesto\n<ul>\n<li>EKIPA 5. razred (Nej Dobovi\u0161ek, Val Filej, Ema Mastnak, Ne\u017ea Gaj\u0161ek)<\/li>\n<li>EKIPA 8. razred (Andra\u017e Voga, Altina Gashi, Antonio \u0160aki\u010d, Tara \u017derjav)<\/li>\n<\/ul>\n<\/li>\n<li>9. mesto:\n<ul>\n<li>Ana Ogrizek, 6. raz<\/li>\n<li>Altina Gashi<\/li>\n<\/ul>\n<\/li>\n<li>12. mesto\n<ul>\n<li>Matija Lakner, 7. raz<\/li>\n<\/ul>\n<\/li>\n<li>15. mesto\n<ul>\n<li>Antonio \u0160aki\u010d, 8. raz<\/li>\n<\/ul>\n<\/li>\n<li>16. mesto:\n<ul>\n<li>Ja\u0161a Vre\u010dko, 8 raz<\/li>\n<\/ul>\n<\/li>\n<\/ul>\n<p>&nbsp;<\/p>\n<p><strong><u><span style=\"color: #0000ff\">Ob\u010dinsko prvenstvo v\u00a0rokometu\u00a0mlaj\u0161i de\u010dki\u00a0&#8211; Ponikva, 7. 3. 2019<\/span><\/u><\/strong><\/p>\n<p>2. mesto:<\/p>\n<p>EKIPA:\u00a0Tin Jer\u0161i\u010d, Tim Stra\u0161ek, Jakob Cmok, Gal Kumer, Martin Artnak, Nace Basle, Matija Bohor\u010d, Luka \u010colovi\u0107, Matic Tacer, Aljo\u0161a Rus, Maj Senger<\/p>\n<p>&nbsp;<\/p>\n<p><span style=\"color: #0000ff\"><strong>Finale dr\u017eavno\u00a0prvenstvo v\u00a0smu\u010danju (VELESLALOM) \u2013 Krvavec, 6. 3. 2019<\/strong><\/span><\/p>\n<ul>\n<li>17. mesto:\n<ul>\n<li>Aleksander Ko\u017eelj\u00a0(nekategorizirani)<\/li>\n<\/ul>\n<\/li>\n<\/ul>\n<p>&nbsp;<\/p>\n<p><span style=\"color: #0000ff\"><strong>Podro\u010dno \u00a0prvenstvo v\u00a0smu\u010danju (VELESLALOM) \u2013 Golte, 14. 2. 2019<\/strong><\/span><\/p>\n<ul>\n<li>2. mesto:\n<ul>\n<li>EKIPNO ml. u\u010denci-ke; \u017dan Pav\u010dnik, Jakob Cmok,\u00a0Nace Basle, Tinkara Trobec, Sara Trebovc, Ema Pe\u010dnik<\/li>\n<li>Jan Lujanac (mlaj\u0161i u\u010denci \u2013 kategorizirani)<\/li>\n<\/ul>\n<\/li>\n<li>3. mesto:\n<ul>\n<li>An\u017ee Vodeb (starej\u0161i u\u010denci\u00a0\u2013 nekategorizirani)<\/li>\n<\/ul>\n<\/li>\n<li>4. mesto:\n<ul>\n<li>Tinkara Trobec (mlaj\u0161e u\u010denke \u2013 nekategorizirane)<\/li>\n<\/ul>\n<\/li>\n<li>5. mesto:\n<ul>\n<li>\u017dan Pav\u010dnik (mlaj\u0161i u\u010denci \u2013 nekategorizirani)<\/li>\n<li>Aleksander Ko\u017eelj (starej\u0161i u\u010denci &#8211; nekategorizirani<\/li>\n<\/ul>\n<\/li>\n<\/ul>\n<p>&nbsp;<\/p>\n<p><strong><span style=\"color: #0000ff;text-decoration: underline\">Ob\u010dinsko prvenstvo v namiznem tenisu &#8211; Planina, 30. 1. 2019<br \/>\n<\/span><\/strong><\/p>\n<ul>\n<li>1. mesto:\n<ul>\n<li>Jakob Cmok, 7. raz<\/li>\n<li>\u00a0Tajda Zalokar, 9. raz<\/li>\n<\/ul>\n<\/li>\n<li>3. mesto\n<ul>\n<li>Katarina Mrvar, 6. raz<\/li>\n<li>Aljo\u0161a Rus, 7. raz<\/li>\n<\/ul>\n<\/li>\n<\/ul>\n<p>&nbsp;<\/p>\n<p><strong><u><span style=\"color: #0000ff\">Ob\u010dinsko prvenstvo v odbojki &#8211; Ponikva, 29. 11. 2018<\/span><\/u><\/strong><\/p>\n<p>2. mesto:<\/p>\n<p>EKIPA:\u00a0Enej Bender, An\u017ee Vodeb, \u017dan Hli\u0161, Miha Jazbin\u0161ek, Alja\u017e Mo\u010dnik, Jan Pavli\u010d, Aleksander Ko\u017eelj in Marko Tovornik<\/p>\n<p>&nbsp;<\/p>\n<p><span style=\"color: #0000ff;text-decoration: underline\">Prvenstvo Slovenije v\u00a0cestnem teku\u00a0&#8211; Ljubljana, 27. 10. 2018<\/span><\/p>\n<ul>\n<li>1. mesto:<\/li>\n<\/ul>\n<p><span style=\"text-decoration: underline\"><strong>UR\u0160KA OGRIZEK<\/strong><\/span><\/p>\n<ul>\n<li>1. mesto\u00a0 (deklice 6. razred 2000m)<\/li>\n<\/ul>\n<p><span style=\"text-decoration: underline\"><strong>MARTIN ARTNAK<\/strong><\/span><\/p>\n<ul>\n<li>1. mesto\u00a0 (de\u010dki\u00a06. razred 2000m)<\/li>\n<\/ul>\n<p><span style=\"text-decoration: underline\"><strong>JAKOB CMOK<\/strong><\/span><\/p>\n<ul>\n<li>6. mesto\u00a0 (de\u010dki\u00a07. razred 2000m)<\/li>\n<\/ul>\n<p><span style=\"text-decoration: underline\"><strong>ANA OGRIZEK<\/strong><\/span><\/p>\n<ul>\n<li>7. mesto (deklice 6. razred 2000m)<\/li>\n<\/ul>\n<p><strong><span style=\"text-decoration: underline\">O\u0160 Franja Malgaja \u0160entjur EKIPNO 6. do 9. razred<\/span><br \/>\n<\/strong><\/p>\n<ul>\n<li>8. mesto EKIPNO\u00a0za O\u0160\u00a0VSEEKIPNO 6-\u00a0do 9. razred: Martin Artnak \/ 1. mesto, Ur\u0161ka Ogrizek \/1., , Jakob Cmok \/6., Ana Ogrizek \/ 7., Altina Gashi \/28.,\u00a0 Filip Cmok \/ 32.,, Matija Lakner \/37., Alja\u017e Opre\u0161nik\/ 53.<\/li>\n<\/ul>\n<p>&nbsp;<\/p>\n<p><strong><u><span style=\"color: #0000ff\">Ob\u010dinsko prvenstvo v ko\u0161arki st. de\u010dki &#8211; Hru\u0161evec, 18. 10. 2018<\/span><\/u><\/strong><\/p>\n<p>2. mesto:<\/p>\n<p>Tilen Mulej, Gregor Gazvoda, Lev Kolar, Jan Pavli\u010d, Urban Modic, Nejc Naprudnik, Ja\u0161a Vre\u010dko, \u017diga \u010cmer, Matic Kolar, Ga\u0161per Pajk, Luka Rezar in Rok Kunsti\u010d<\/p>\n<p><strong><span style=\"color: #0000ff;text-decoration: underline\">Ob\u010dinsko prvenstvo v krosu (jesensko) &#8211; \u0160entjur, 8. 10. 2018<\/span><\/strong><\/p>\n<ul>\n<li>1. mesto:\n<ul>\n<li>Nej Dobovi\u0161ek, 5. raz<\/li>\n<li>Martin Artnak, 6. raz<\/li>\n<li>Ur\u0161ka Ogrizek, 6. raz<\/li>\n<li>Jakob Cmok, 7. raz<\/li>\n<li>Ana Ogrizek, 7. raz<\/li>\n<li>\u00a0Ja\u0161a Vre\u010dko, 8. raz<\/li>\n<li>Ula Kos, 8. raz<\/li>\n<li>\u00a0Jan Pavli\u010d, 9. raz<\/li>\n<li>EKIPNO DEKLICE<\/li>\n<li>EKIPNO DE\u010cKI<\/li>\n<\/ul>\n<\/li>\n<li>2. mesto:\n<ul>\n<li>Luka Godler, 6. raz<\/li>\n<li>Andra\u017e Voga, 8. raz<\/li>\n<li>Ema Pe\u010dnik, 7. raz<\/li>\n<li>Altina Gashi, 8. raz<\/li>\n<\/ul>\n<\/li>\n<li>3. mesto\n<ul>\n<li>Ema Mastnak, 5. raz<\/li>\n<li>Val Filej, 5. raz<\/li>\n<li>Filip Cmok, 7. raz<\/li>\n<li>Tilen Mulej, 8. raz<\/li>\n<\/ul>\n<\/li>\n<\/ul>\n<p><a href=\"http:\/\/osfm-sport.splet.arnes.si\/files\/2018\/08\/DSC_2271.jpg\"><img loading=\"lazy\" decoding=\"async\" class=\"aligncenter size-medium wp-image-2037\" src=\"http:\/\/osfm-sport.splet.arnes.si\/files\/2018\/08\/DSC_2271-300x201.jpg\" alt=\"\" width=\"300\" height=\"201\" srcset=\"https:\/\/osfm-sport.splet.arnes.si\/files\/2018\/08\/DSC_2271-300x201.jpg 300w, https:\/\/osfm-sport.splet.arnes.si\/files\/2018\/08\/DSC_2271-768x513.jpg 768w, https:\/\/osfm-sport.splet.arnes.si\/files\/2018\/08\/DSC_2271-1024x684.jpg 1024w, https:\/\/osfm-sport.splet.arnes.si\/files\/2018\/08\/DSC_2271-1080x722.jpg 1080w\" sizes=\"(max-width: 300px) 100vw, 300px\" \/><\/a><\/p>\n<p><a href=\"http:\/\/osfm-sport.splet.arnes.si\/files\/2017\/09\/medalje.jpg\">\u00a0<\/a><\/p>\n<p><u><span style=\"color: #0000ff\">Ob\u010dinsko prvenstvo v malem nogometu st. de\u010dki &#8211; \u0160entjur, 19. 9. 2018<\/span><\/u><\/p>\n<p>1. mesto:<br \/>\nMo\u010dnik Alja\u017e, Vodeb An\u017ee, Alex Gajani\u0107, Bender Anej, Ko\u017eelj Aleksander, Ga\u0161per Pajk, \u010colovi\u010d Jakob, Voga Andra\u017e, Saramati Elvis<\/p>\n","protected":false},"excerpt":{"rendered":"<p>Finale\u00a0dr\u017eavnega prvenstva v atletiki za Veliki (VAP) in mali (MAP) atletski pokal &#8211; \u017dalec, 5. 6. 2019 6. mesto: Ogrizek Ur\u0161ka &#8211; 60m MAP 8. mesto: Modic Urban &#8211; vi\u0161ina VAP 13. mesto: Ogrizek Ana\u00a0&#8211; 600m MAP 17. mesto Cmok Jakob &#8211; 600m MAP &nbsp; Ob\u010dinsko prvenstvo v ATLETSKEM TROBOJU za 5. razred in mlaj\u0161e [&hellip;]<\/p>\n","protected":false},"author":5967,"featured_media":0,"parent":0,"menu_order":0,"comment_status":"closed","ping_status":"closed","template":"","meta":{"_et_pb_use_builder":"","_et_pb_old_content":"","_et_gb_content_width":"","ngg_post_thumbnail":0,"footnotes":"","_expiration-date-status":"saved","_expiration-date":0,"_expiration-date-type":"","_expiration-date-categories":[],"_expiration-date-options":[]},"class_list":["post-1847","page","type-page","status-publish","hentry"],"_links":{"self":[{"href":"https:\/\/osfm-sport.splet.arnes.si\/index.php?rest_route=\/wp\/v2\/pages\/1847","targetHints":{"allow":["GET"]}}],"collection":[{"href":"https:\/\/osfm-sport.splet.arnes.si\/index.php?rest_route=\/wp\/v2\/pages"}],"about":[{"href":"https:\/\/osfm-sport.splet.arnes.si\/index.php?rest_route=\/wp\/v2\/types\/page"}],"author":[{"embeddable":true,"href":"https:\/\/osfm-sport.splet.arnes.si\/index.php?rest_route=\/wp\/v2\/users\/5967"}],"replies":[{"embeddable":true,"href":"https:\/\/osfm-sport.splet.arnes.si\/index.php?rest_route=%2Fwp%2Fv2%2Fcomments&post=1847"}],"version-history":[{"count":26,"href":"https:\/\/osfm-sport.splet.arnes.si\/index.php?rest_route=\/wp\/v2\/pages\/1847\/revisions"}],"predecessor-version":[{"id":2389,"href":"https:\/\/osfm-sport.splet.arnes.si\/index.php?rest_route=\/wp\/v2\/pages\/1847\/revisions\/2389"}],"wp:attachment":[{"href":"https:\/\/osfm-sport.splet.arnes.si\/index.php?rest_route=%2Fwp%2Fv2%2Fmedia&parent=1847"}],"curies":[{"name":"wp","href":"https:\/\/api.w.org\/{rel}","templated":true}]}}