{"id":169,"date":"2015-09-09T10:35:09","date_gmt":"2015-09-09T08:35:09","guid":{"rendered":"http:\/\/osfm-sport.splet.arnes.si\/?page_id=169"},"modified":"2015-09-09T11:36:37","modified_gmt":"2015-09-09T09:36:37","slug":"sole-v-naravi-s","status":"publish","type":"page","link":"https:\/\/osfm-sport.splet.arnes.si\/?page_id=169","title":{"rendered":"\u0160ole v naravi"},"content":{"rendered":"<p>\u0160ole v naravi so sestavni del Letnega na\u010drta na\u0161e \u0161ole. Vsako leto organiziramo in izvajamo Poletno \u0161olo v naravi za u\u010dence petih razredov in Zimsko \u0161olo v naravi za u\u010dence sedmih razredov.<\/p>\n","protected":false},"excerpt":{"rendered":"<p>\u0160ole v naravi so sestavni del Letnega na\u010drta na\u0161e \u0161ole. Vsako leto organiziramo in izvajamo Poletno \u0161olo v naravi za u\u010dence petih razredov in Zimsko \u0161olo v naravi za u\u010dence sedmih razredov.<\/p>\n","protected":false},"author":5967,"featured_media":0,"parent":0,"menu_order":0,"comment_status":"closed","ping_status":"closed","template":"","meta":{"_et_pb_use_builder":"","_et_pb_old_content":"","_et_gb_content_width":"","ngg_post_thumbnail":0,"footnotes":"","_expiration-date-status":"","_expiration-date":0,"_expiration-date-type":"","_expiration-date-categories":[],"_expiration-date-options":[]},"class_list":["post-169","page","type-page","status-publish","hentry"],"_links":{"self":[{"href":"https:\/\/osfm-sport.splet.arnes.si\/index.php?rest_route=\/wp\/v2\/pages\/169","targetHints":{"allow":["GET"]}}],"collection":[{"href":"https:\/\/osfm-sport.splet.arnes.si\/index.php?rest_route=\/wp\/v2\/pages"}],"about":[{"href":"https:\/\/osfm-sport.splet.arnes.si\/index.php?rest_route=\/wp\/v2\/types\/page"}],"author":[{"embeddable":true,"href":"https:\/\/osfm-sport.splet.arnes.si\/index.php?rest_route=\/wp\/v2\/users\/5967"}],"replies":[{"embeddable":true,"href":"https:\/\/osfm-sport.splet.arnes.si\/index.php?rest_route=%2Fwp%2Fv2%2Fcomments&post=169"}],"version-history":[{"count":3,"href":"https:\/\/osfm-sport.splet.arnes.si\/index.php?rest_route=\/wp\/v2\/pages\/169\/revisions"}],"predecessor-version":[{"id":191,"href":"https:\/\/osfm-sport.splet.arnes.si\/index.php?rest_route=\/wp\/v2\/pages\/169\/revisions\/191"}],"wp:attachment":[{"href":"https:\/\/osfm-sport.splet.arnes.si\/index.php?rest_route=%2Fwp%2Fv2%2Fmedia&parent=169"}],"curies":[{"name":"wp","href":"https:\/\/api.w.org\/{rel}","templated":true}]}}